{"id":1457,"date":"2022-02-19T20:41:21","date_gmt":"2022-02-19T20:41:21","guid":{"rendered":"https:\/\/snorkelthings.com\/?page_id=1457"},"modified":"2022-09-13T10:53:43","modified_gmt":"2022-09-13T10:53:43","slug":"sobre-mi","status":"publish","type":"page","link":"https:\/\/snorkelthings.com\/es\/sobre-mi\/","title":{"rendered":"Sobre Snorkel Things"},"content":{"rendered":"<div class=\"gb-container gb-container-51872fd6\"><div class=\"gb-inside-container\">\n<div class=\"gb-grid-wrapper gb-grid-wrapper-db3ac0f1\">\n<div class=\"gb-grid-column gb-grid-column-36210f1d\"><div class=\"gb-container gb-container-36210f1d\"><div class=\"gb-inside-container\">\n\n<h2 class=\"gb-headline gb-headline-6464f250 gb-headline-text\">Hola, soy Marijke! Soy la de la izquierda.<\/h2>\n\n\n\n<p>\u00a1Tambi\u00e9n me puedes llamar Maria!<\/p>\n\n\n\n<p>Soy una bloguera y escritora de contenidos freelance a tiempo completo, y viajera a tiempo parcial. Soy de los Pa\u00edses Bajos, vivo en la soleada Espa\u00f1a y siempre estoy buscando el pr\u00f3ximo lugar para sumergirme en el oc\u00e9ano con mi c\u00e1mara submarina.<\/p>\n\n\n\n<p>Me encantar\u00eda que me acompa\u00f1aras mientras comparto mis consejos sobre hacer snorkel, destinos hermosos para visitar, playas incre\u00edbles y la fascinante vida marina.<\/p>\n\n\n\n<p>Si tienes alguna pregunta, quieres sugerir algo o te gustar\u00eda trabajar con Snorkel Things, pulsa el bot\u00f3n de abajo para ponerte en contacto!<\/p>\n\n\n\n<h3 class=\"gb-headline gb-headline-467ed445 gb-headline-text\">\u00a1Un saludo!<\/h3>\n\n\n<div class=\"gb-button-wrapper gb-button-wrapper-d82799ce\">\n\n<a class=\"gb-button gb-button-84c9a956 gb-button-text button\" href=\"https:\/\/snorkelthings.com\/contact\/\">ContactaR con snorkel things<\/a>\n\n<\/div>\n<\/div><\/div><\/div>\n\n<div class=\"gb-grid-column gb-grid-column-0fa7420f\"><div class=\"gb-container gb-container-0fa7420f\"><div class=\"gb-inside-container\">\n\n<figure class=\"wp-block-image size-full\"><img loading=\"lazy\" decoding=\"async\" width=\"750\" height=\"1000\" src=\"https:\/\/snorkelthings.com\/wp-content\/uploads\/2022\/05\/Marijke.jpg\" alt=\"\" class=\"wp-image-812\" srcset=\"https:\/\/snorkelthings.com\/wp-content\/uploads\/2022\/05\/Marijke.jpg 750w, https:\/\/snorkelthings.com\/wp-content\/uploads\/2022\/05\/Marijke-225x300.jpg 225w\" sizes=\"auto, (max-width: 750px) 100vw, 750px\" \/><\/figure>\n\n<\/div><\/div><\/div>\n<\/div>\n<\/div><\/div>","protected":false},"excerpt":{"rendered":"","protected":false},"author":316705,"featured_media":0,"parent":0,"menu_order":0,"comment_status":"closed","ping_status":"closed","template":"","meta":{"footnotes":""},"class_list":["post-1457","page","type-page","status-publish"],"yoast_head":"<!-- This site is optimized with the Yoast SEO plugin v26.6 - https:\/\/yoast.com\/wordpress\/plugins\/seo\/ -->\n<title>Sobre Snorkel Things - Snorkel Things<\/title>\n<meta name=\"robots\" content=\"index, follow, max-snippet:-1, max-image-preview:large, max-video-preview:-1\" \/>\n<link rel=\"canonical\" href=\"https:\/\/snorkelthings.com\/es\/sobre-mi\/\" \/>\n<meta property=\"og:locale\" content=\"es_ES\" \/>\n<meta property=\"og:type\" content=\"article\" \/>\n<meta property=\"og:title\" content=\"Sobre Snorkel Things - Snorkel Things\" \/>\n<meta property=\"og:url\" content=\"https:\/\/snorkelthings.com\/es\/sobre-mi\/\" \/>\n<meta property=\"og:site_name\" content=\"Snorkel Things\" \/>\n<meta property=\"article:modified_time\" content=\"2022-09-13T10:53:43+00:00\" \/>\n<meta property=\"og:image\" content=\"https:\/\/snorkelthings.com\/wp-content\/uploads\/2022\/05\/Marijke.jpg\" \/>\n<meta name=\"twitter:card\" content=\"summary_large_image\" \/>\n<meta name=\"twitter:label1\" content=\"Tiempo de lectura\" \/>\n\t<meta name=\"twitter:data1\" content=\"1 minuto\" \/>\n<script type=\"application\/ld+json\" class=\"yoast-schema-graph\">{\"@context\":\"https:\/\/schema.org\",\"@graph\":[{\"@type\":\"WebPage\",\"@id\":\"https:\/\/snorkelthings.com\/es\/sobre-mi\/\",\"url\":\"https:\/\/snorkelthings.com\/es\/sobre-mi\/\",\"name\":\"Sobre Snorkel Things - Snorkel Things\",\"isPartOf\":{\"@id\":\"https:\/\/snorkelthings.com\/es\/#website\"},\"primaryImageOfPage\":{\"@id\":\"https:\/\/snorkelthings.com\/es\/sobre-mi\/#primaryimage\"},\"image\":{\"@id\":\"https:\/\/snorkelthings.com\/es\/sobre-mi\/#primaryimage\"},\"thumbnailUrl\":\"https:\/\/snorkelthings.com\/wp-content\/uploads\/2022\/05\/Marijke.jpg\",\"datePublished\":\"2022-02-19T20:41:21+00:00\",\"dateModified\":\"2022-09-13T10:53:43+00:00\",\"breadcrumb\":{\"@id\":\"https:\/\/snorkelthings.com\/es\/sobre-mi\/#breadcrumb\"},\"inLanguage\":\"es\",\"potentialAction\":[{\"@type\":\"ReadAction\",\"target\":[\"https:\/\/snorkelthings.com\/es\/sobre-mi\/\"]}]},{\"@type\":\"ImageObject\",\"inLanguage\":\"es\",\"@id\":\"https:\/\/snorkelthings.com\/es\/sobre-mi\/#primaryimage\",\"url\":\"https:\/\/snorkelthings.com\/wp-content\/uploads\/2022\/05\/Marijke.jpg\",\"contentUrl\":\"https:\/\/snorkelthings.com\/wp-content\/uploads\/2022\/05\/Marijke.jpg\"},{\"@type\":\"BreadcrumbList\",\"@id\":\"https:\/\/snorkelthings.com\/es\/sobre-mi\/#breadcrumb\",\"itemListElement\":[{\"@type\":\"ListItem\",\"position\":1,\"name\":\"Home\",\"item\":\"https:\/\/snorkelthings.com\/es\/\"},{\"@type\":\"ListItem\",\"position\":2,\"name\":\"Sobre Snorkel Things\"}]},{\"@type\":\"WebSite\",\"@id\":\"https:\/\/snorkelthings.com\/es\/#website\",\"url\":\"https:\/\/snorkelthings.com\/es\/\",\"name\":\"Snorkel Things\",\"description\":\"Snorkel beaches, tips &amp; more\",\"publisher\":{\"@id\":\"https:\/\/snorkelthings.com\/es\/#organization\"},\"potentialAction\":[{\"@type\":\"SearchAction\",\"target\":{\"@type\":\"EntryPoint\",\"urlTemplate\":\"https:\/\/snorkelthings.com\/es\/?s={search_term_string}\"},\"query-input\":{\"@type\":\"PropertyValueSpecification\",\"valueRequired\":true,\"valueName\":\"search_term_string\"}}],\"inLanguage\":\"es\"},{\"@type\":\"Organization\",\"@id\":\"https:\/\/snorkelthings.com\/es\/#organization\",\"name\":\"Snorkel Things\",\"url\":\"https:\/\/snorkelthings.com\/es\/\",\"logo\":{\"@type\":\"ImageObject\",\"inLanguage\":\"es\",\"@id\":\"https:\/\/snorkelthings.com\/es\/#\/schema\/logo\/image\/\",\"url\":\"https:\/\/snorkelthings.com\/wp-content\/uploads\/2022\/05\/SNORKEL-THINGS-2-e1652370835545.png\",\"contentUrl\":\"https:\/\/snorkelthings.com\/wp-content\/uploads\/2022\/05\/SNORKEL-THINGS-2-e1652370835545.png\",\"width\":263,\"height\":57,\"caption\":\"Snorkel Things\"},\"image\":{\"@id\":\"https:\/\/snorkelthings.com\/es\/#\/schema\/logo\/image\/\"}}]}<\/script>\n<!-- \/ Yoast SEO plugin. -->","yoast_head_json":{"title":"Sobre Snorkel Things - Snorkel Things","robots":{"index":"index","follow":"follow","max-snippet":"max-snippet:-1","max-image-preview":"max-image-preview:large","max-video-preview":"max-video-preview:-1"},"canonical":"https:\/\/snorkelthings.com\/es\/sobre-mi\/","og_locale":"es_ES","og_type":"article","og_title":"Sobre Snorkel Things - Snorkel Things","og_url":"https:\/\/snorkelthings.com\/es\/sobre-mi\/","og_site_name":"Snorkel Things","article_modified_time":"2022-09-13T10:53:43+00:00","og_image":[{"url":"https:\/\/snorkelthings.com\/wp-content\/uploads\/2022\/05\/Marijke.jpg","type":"","width":"","height":""}],"twitter_card":"summary_large_image","twitter_misc":{"Tiempo de lectura":"1 minuto"},"schema":{"@context":"https:\/\/schema.org","@graph":[{"@type":"WebPage","@id":"https:\/\/snorkelthings.com\/es\/sobre-mi\/","url":"https:\/\/snorkelthings.com\/es\/sobre-mi\/","name":"Sobre Snorkel Things - Snorkel Things","isPartOf":{"@id":"https:\/\/snorkelthings.com\/es\/#website"},"primaryImageOfPage":{"@id":"https:\/\/snorkelthings.com\/es\/sobre-mi\/#primaryimage"},"image":{"@id":"https:\/\/snorkelthings.com\/es\/sobre-mi\/#primaryimage"},"thumbnailUrl":"https:\/\/snorkelthings.com\/wp-content\/uploads\/2022\/05\/Marijke.jpg","datePublished":"2022-02-19T20:41:21+00:00","dateModified":"2022-09-13T10:53:43+00:00","breadcrumb":{"@id":"https:\/\/snorkelthings.com\/es\/sobre-mi\/#breadcrumb"},"inLanguage":"es","potentialAction":[{"@type":"ReadAction","target":["https:\/\/snorkelthings.com\/es\/sobre-mi\/"]}]},{"@type":"ImageObject","inLanguage":"es","@id":"https:\/\/snorkelthings.com\/es\/sobre-mi\/#primaryimage","url":"https:\/\/snorkelthings.com\/wp-content\/uploads\/2022\/05\/Marijke.jpg","contentUrl":"https:\/\/snorkelthings.com\/wp-content\/uploads\/2022\/05\/Marijke.jpg"},{"@type":"BreadcrumbList","@id":"https:\/\/snorkelthings.com\/es\/sobre-mi\/#breadcrumb","itemListElement":[{"@type":"ListItem","position":1,"name":"Home","item":"https:\/\/snorkelthings.com\/es\/"},{"@type":"ListItem","position":2,"name":"Sobre Snorkel Things"}]},{"@type":"WebSite","@id":"https:\/\/snorkelthings.com\/es\/#website","url":"https:\/\/snorkelthings.com\/es\/","name":"Snorkel Things","description":"Snorkel beaches, tips &amp; more","publisher":{"@id":"https:\/\/snorkelthings.com\/es\/#organization"},"potentialAction":[{"@type":"SearchAction","target":{"@type":"EntryPoint","urlTemplate":"https:\/\/snorkelthings.com\/es\/?s={search_term_string}"},"query-input":{"@type":"PropertyValueSpecification","valueRequired":true,"valueName":"search_term_string"}}],"inLanguage":"es"},{"@type":"Organization","@id":"https:\/\/snorkelthings.com\/es\/#organization","name":"Snorkel Things","url":"https:\/\/snorkelthings.com\/es\/","logo":{"@type":"ImageObject","inLanguage":"es","@id":"https:\/\/snorkelthings.com\/es\/#\/schema\/logo\/image\/","url":"https:\/\/snorkelthings.com\/wp-content\/uploads\/2022\/05\/SNORKEL-THINGS-2-e1652370835545.png","contentUrl":"https:\/\/snorkelthings.com\/wp-content\/uploads\/2022\/05\/SNORKEL-THINGS-2-e1652370835545.png","width":263,"height":57,"caption":"Snorkel Things"},"image":{"@id":"https:\/\/snorkelthings.com\/es\/#\/schema\/logo\/image\/"}}]}},"_links":{"self":[{"href":"https:\/\/snorkelthings.com\/es\/wp-json\/wp\/v2\/pages\/1457","targetHints":{"allow":["GET"]}}],"collection":[{"href":"https:\/\/snorkelthings.com\/es\/wp-json\/wp\/v2\/pages"}],"about":[{"href":"https:\/\/snorkelthings.com\/es\/wp-json\/wp\/v2\/types\/page"}],"author":[{"embeddable":true,"href":"https:\/\/snorkelthings.com\/es\/wp-json\/wp\/v2\/users\/316705"}],"replies":[{"embeddable":true,"href":"https:\/\/snorkelthings.com\/es\/wp-json\/wp\/v2\/comments?post=1457"}],"version-history":[{"count":4,"href":"https:\/\/snorkelthings.com\/es\/wp-json\/wp\/v2\/pages\/1457\/revisions"}],"predecessor-version":[{"id":1516,"href":"https:\/\/snorkelthings.com\/es\/wp-json\/wp\/v2\/pages\/1457\/revisions\/1516"}],"wp:attachment":[{"href":"https:\/\/snorkelthings.com\/es\/wp-json\/wp\/v2\/media?parent=1457"}],"curies":[{"name":"wp","href":"https:\/\/api.w.org\/{rel}","templated":true}]}}